{"id":19,"date":"2025-03-16T08:12:25","date_gmt":"2025-03-16T07:12:25","guid":{"rendered":"https:\/\/www.ttsv68.fr\/?page_id=19"},"modified":"2026-03-31T10:59:11","modified_gmt":"2026-03-31T08:59:11","slug":"informations","status":"publish","type":"page","link":"https:\/\/www.ttsv68.fr\/index.php\/informations\/","title":{"rendered":"Horaires \/ Tarifs"},"content":{"rendered":"\t\t<div data-elementor-type=\"wp-page\" data-elementor-id=\"19\" class=\"elementor elementor-19\">\n\t\t\t\t<div class=\"elementor-element elementor-element-78f55909 e-con-full e-flex e-con e-parent\" data-id=\"78f55909\" data-element_type=\"container\">\n\t\t\t\t<div class=\"elementor-element elementor-element-4d946436 elementor-widget elementor-widget-text-editor\" data-id=\"4d946436\" data-element_type=\"widget\" data-widget_type=\"text-editor.default\">\n\t\t\t\t<div class=\"elementor-widget-container\">\n\t\t\t\t\t\t\t\t\t\n<h2>Horaires :<\/h2>\n\n<p>\u2022 09h00 \/ 12h30<\/p>\n\n<p>\u2022 13h30 \/ 18h30<\/p>\n\n<p>Du lundi au dimanche inclus , sur r\u00e9servation de votre cr\u00e9neau.<\/p>\n<h2>Tarifs :<\/h2>\n\n<p>\u2022 1 heure \/ 25 euros par personne<\/p>\n\n<p>\u2022 Demi- journ\u00e9e \/ 75 euros par personne\u00a0<\/p>\n<p>\u2022 Soir\u00e9e After Shooting (tir et ap\u00e9ro) 18h\/20h ou 19h\/21h : 50 euros par personne<\/p>\n<p>\u2022 Tarifs F.d.O\u00a0<\/p>\n<p>\u2022 Tarifs groupe (Team Bulding) devis sur demande.<\/p>\n\n<h2>Paiement : CB , virement, esp\u00e8ces<\/h2>\n<p>Facturation par email\u00a0<\/p>\n\n<p>D\u00e9roulement :\u00a0<\/p>\n<p>Pr\u00e9sentation du syst\u00e8me, choix des exercices selon niveau, mise en place d&rsquo;un programme de progression personnalis\u00e9 en fonction de vos attentes.<\/p>\n\n<p>\u00a0<\/p>\n\t\t\t\t\t\t\t\t<\/div>\n\t\t\t\t<\/div>\n\t\t\t\t<div class=\"elementor-element elementor-element-1b84ad0 elementor-align-center elementor-widget elementor-widget-button\" data-id=\"1b84ad0\" data-element_type=\"widget\" data-widget_type=\"button.default\">\n\t\t\t\t<div class=\"elementor-widget-container\">\n\t\t\t\t\t\t\t\t\t<div class=\"elementor-button-wrapper\">\n\t\t\t\t\t<a class=\"elementor-button elementor-button-link elementor-size-sm\" href=\"https:\/\/www.ttsv68.fr\/index.php\/reservation\/\">\n\t\t\t\t\t\t<span class=\"elementor-button-content-wrapper\">\n\t\t\t\t\t\t\t\t\t<span class=\"elementor-button-text\">R\u00e9servation<\/span>\n\t\t\t\t\t<\/span>\n\t\t\t\t\t<\/a>\n\t\t\t\t<\/div>\n\t\t\t\t\t\t\t\t<\/div>\n\t\t\t\t<\/div>\n\t\t\t\t<div class=\"elementor-element elementor-element-38d895b elementor-widget elementor-widget-spacer\" data-id=\"38d895b\" data-element_type=\"widget\" data-widget_type=\"spacer.default\">\n\t\t\t\t<div class=\"elementor-widget-container\">\n\t\t\t\t\t\t\t<div class=\"elementor-spacer\">\n\t\t\t<div class=\"elementor-spacer-inner\"><\/div>\n\t\t<\/div>\n\t\t\t\t\t\t<\/div>\n\t\t\t\t<\/div>\n\t\t\t\t<\/div>\n\t\t<div class=\"elementor-element elementor-element-7a06065 e-grid e-con-boxed e-con e-parent\" data-id=\"7a06065\" data-element_type=\"container\">\n\t\t\t\t\t<div class=\"e-con-inner\">\n\t\t\t\t<div class=\"elementor-element elementor-element-915a93b elementor-widget elementor-widget-image\" data-id=\"915a93b\" data-element_type=\"widget\" data-widget_type=\"image.default\">\n\t\t\t\t<div class=\"elementor-widget-container\">\n\t\t\t\t\t\t\t\t\t\t\t\t\t\t\t<img fetchpriority=\"high\" decoding=\"async\" width=\"545\" height=\"321\" src=\"https:\/\/www.ttsv68.fr\/wp-content\/uploads\/2026\/03\/IMG_20260317_161323.jpg\" class=\"attachment-large size-large wp-image-211\" alt=\"\" srcset=\"https:\/\/www.ttsv68.fr\/wp-content\/uploads\/2026\/03\/IMG_20260317_161323.jpg 545w, https:\/\/www.ttsv68.fr\/wp-content\/uploads\/2026\/03\/IMG_20260317_161323-300x177.jpg 300w, https:\/\/www.ttsv68.fr\/wp-content\/uploads\/2026\/03\/IMG_20260317_161323-350x206.jpg 350w\" sizes=\"(max-width: 545px) 100vw, 545px\" \/>\t\t\t\t\t\t\t\t\t\t\t\t\t\t\t<\/div>\n\t\t\t\t<\/div>\n\t\t\t\t<div class=\"elementor-element elementor-element-c027305 elementor-widget elementor-widget-image\" data-id=\"c027305\" data-element_type=\"widget\" data-widget_type=\"image.default\">\n\t\t\t\t<div class=\"elementor-widget-container\">\n\t\t\t\t\t\t\t\t\t\t\t\t\t\t\t<img decoding=\"async\" width=\"660\" height=\"650\" src=\"https:\/\/www.ttsv68.fr\/wp-content\/uploads\/2026\/03\/IMG_20260317_161304.jpg\" class=\"attachment-large size-large wp-image-215\" alt=\"\" srcset=\"https:\/\/www.ttsv68.fr\/wp-content\/uploads\/2026\/03\/IMG_20260317_161304.jpg 969w, https:\/\/www.ttsv68.fr\/wp-content\/uploads\/2026\/03\/IMG_20260317_161304-300x295.jpg 300w, https:\/\/www.ttsv68.fr\/wp-content\/uploads\/2026\/03\/IMG_20260317_161304-768x756.jpg 768w, https:\/\/www.ttsv68.fr\/wp-content\/uploads\/2026\/03\/IMG_20260317_161304-350x345.jpg 350w\" sizes=\"(max-width: 660px) 100vw, 660px\" \/>\t\t\t\t\t\t\t\t\t\t\t\t\t\t\t<\/div>\n\t\t\t\t<\/div>\n\t\t\t\t<div class=\"elementor-element elementor-element-d79c1cf elementor-widget elementor-widget-image\" data-id=\"d79c1cf\" data-element_type=\"widget\" data-widget_type=\"image.default\">\n\t\t\t\t<div class=\"elementor-widget-container\">\n\t\t\t\t\t\t\t\t\t\t\t\t\t\t\t<img decoding=\"async\" width=\"660\" height=\"243\" src=\"https:\/\/www.ttsv68.fr\/wp-content\/uploads\/2026\/03\/IMG_20260317_161337-1024x377.jpg\" class=\"attachment-large size-large wp-image-212\" alt=\"\" srcset=\"https:\/\/www.ttsv68.fr\/wp-content\/uploads\/2026\/03\/IMG_20260317_161337-1024x377.jpg 1024w, https:\/\/www.ttsv68.fr\/wp-content\/uploads\/2026\/03\/IMG_20260317_161337-300x110.jpg 300w, https:\/\/www.ttsv68.fr\/wp-content\/uploads\/2026\/03\/IMG_20260317_161337-768x283.jpg 768w, https:\/\/www.ttsv68.fr\/wp-content\/uploads\/2026\/03\/IMG_20260317_161337-350x129.jpg 350w, https:\/\/www.ttsv68.fr\/wp-content\/uploads\/2026\/03\/IMG_20260317_161337.jpg 1220w\" sizes=\"(max-width: 660px) 100vw, 660px\" \/>\t\t\t\t\t\t\t\t\t\t\t\t\t\t\t<\/div>\n\t\t\t\t<\/div>\n\t\t\t\t\t<\/div>\n\t\t\t\t<\/div>\n\t\t\t\t<\/div>\n\t\t","protected":false},"excerpt":{"rendered":"<p>Horaires : \u2022 09h00 \/ 12h30 \u2022 13h30 \/ 18h30 Du lundi au dimanche inclus , sur r\u00e9servation de votre cr\u00e9neau. Tarifs : \u2022 1 heure \/ 25 euros par personne \u2022 Demi- journ\u00e9e \/ 75 euros par personne\u00a0 \u2022 Soir\u00e9e After Shooting (tir et ap\u00e9ro) 18h\/20h ou 19h\/21h : 50 euros par personne \u2022 &hellip; <a href=\"https:\/\/www.ttsv68.fr\/index.php\/informations\/\" class=\"more-link\">Continuer la lecture de <span class=\"screen-reader-text\">Horaires \/ Tarifs<\/span><\/a><\/p>\n","protected":false},"author":1,"featured_media":0,"parent":0,"menu_order":0,"comment_status":"closed","ping_status":"closed","template":"","meta":{"footnotes":""},"class_list":["post-19","page","type-page","status-publish","hentry"],"jetpack_sharing_enabled":true,"_links":{"self":[{"href":"https:\/\/www.ttsv68.fr\/index.php\/wp-json\/wp\/v2\/pages\/19","targetHints":{"allow":["GET"]}}],"collection":[{"href":"https:\/\/www.ttsv68.fr\/index.php\/wp-json\/wp\/v2\/pages"}],"about":[{"href":"https:\/\/www.ttsv68.fr\/index.php\/wp-json\/wp\/v2\/types\/page"}],"author":[{"embeddable":true,"href":"https:\/\/www.ttsv68.fr\/index.php\/wp-json\/wp\/v2\/users\/1"}],"replies":[{"embeddable":true,"href":"https:\/\/www.ttsv68.fr\/index.php\/wp-json\/wp\/v2\/comments?post=19"}],"version-history":[{"count":38,"href":"https:\/\/www.ttsv68.fr\/index.php\/wp-json\/wp\/v2\/pages\/19\/revisions"}],"predecessor-version":[{"id":323,"href":"https:\/\/www.ttsv68.fr\/index.php\/wp-json\/wp\/v2\/pages\/19\/revisions\/323"}],"wp:attachment":[{"href":"https:\/\/www.ttsv68.fr\/index.php\/wp-json\/wp\/v2\/media?parent=19"}],"curies":[{"name":"wp","href":"https:\/\/api.w.org\/{rel}","templated":true}]}}