{"id":2,"date":"2025-03-15T18:52:28","date_gmt":"2025-03-15T17:52:28","guid":{"rendered":"http:\/\/www.ttsv68.fr\/?page_id=2"},"modified":"2026-03-17T16:53:49","modified_gmt":"2026-03-17T15:53:49","slug":"page-d-exemple","status":"publish","type":"page","link":"https:\/\/www.ttsv68.fr\/index.php\/page-d-exemple\/","title":{"rendered":"Equipes Cynophiles"},"content":{"rendered":"\t\t<div data-elementor-type=\"wp-page\" data-elementor-id=\"2\" class=\"elementor elementor-2\">\n\t\t\t\t<div class=\"elementor-element elementor-element-535f453a e-con-full e-flex e-con e-parent\" data-id=\"535f453a\" data-element_type=\"container\">\n\t\t\t\t<div class=\"elementor-element elementor-element-dd14703 elementor-widget elementor-widget-text-editor\" data-id=\"dd14703\" data-element_type=\"widget\" data-widget_type=\"text-editor.default\">\n\t\t\t\t<div class=\"elementor-widget-container\">\n\t\t\t\t\t\t\t\t\t<blockquote class=\"wp-block-quote\">\n<p><\/p>\n<p>L\u2019entreprise \u00ab\u00a0<strong>Technique de Tir en Situation Virtuelle<\/strong>\u00a0\u00bb propose une exp\u00e9rience innovante pour le monde cynotechnique et le tir professionnel \u00e0 travers l\u2019utilisation de simulateur laser renfor\u00e7ant l\u2019entrainement en totale s\u00e9curit\u00e9 tout en permettant une pratique immersive.<\/p>\n<p><\/p>\n<\/blockquote>\n<p><!-- \/wp:quote --><!-- wp:paragraph --><\/p>\n<p><!-- \/wp:paragraph --><!-- wp:quote --><\/p>\n<blockquote class=\"wp-block-quote\">\n<p><!-- wp:paragraph --><\/p>\n<p>Le tir et le maniement des armes sont des comp\u00e9tences compl\u00e9mentaires pour les bin\u00f4mes cyno. C\u2019est pourquoi le simulateur de tir laser est un v\u00e9ritable atout d\u2019entrainement et de perfectionnement.<\/p>\n<p><!-- \/wp:paragraph --><!-- wp:paragraph --><\/p>\n<p>Dans ces deux domaines, les professionnels doivent acqu\u00e9rir des comp\u00e9tences techniques et pratiques\u00a0que ce soit en mati\u00e8re de tir ou que ce soit sur le travail avec le chien.<\/p>\n<p><!-- \/wp:paragraph --><\/p>\n<\/blockquote>\n<p><!-- \/wp:quote --><!-- wp:quote --><\/p>\n<blockquote class=\"wp-block-quote\">\n<p><!-- wp:paragraph --><\/p>\n<p>La maitrise et la pr\u00e9cision de l\u2019usage de l\u2019arme et tout aussi important que de diriger et contr\u00f4ler son chien. De mani\u00e8re, \u00e0 effectuer toutes les missions dans les meilleurs conditions de s\u00e9curit\u00e9. Ce milieu professionnel exige des capacit\u00e9s d\u2019observation, d\u2019anticipation et de d\u00e9placement. Tout en g\u00e9rant le comportement des individus et de l\u2019environnement.<\/p>\n<p><!-- \/wp:paragraph --><!-- wp:paragraph --><\/p>\n<p>Vous pouvez allier s\u00e9ance de tir et entrainement cyno en m\u00eame temps, sur un m\u00eame lieu et en toute s\u00e9curit\u00e9 pour vous et pour le chien (pas nuisances sonores).<\/p>\n<p><!-- \/wp:paragraph --><!-- wp:paragraph --><\/p>\n<p>Adapter un sc\u00e9nario cumulant la recherche \/ la d\u00e9fense du maitre \/ le tir \/ le mordant en fonction de vos besoins d\u2019entrainement sont des atouts de l\u2019utilisation du simulateur de tir laser. \u00a0Un cumul de ces deux sp\u00e9cialit\u00e9s\u00a0: c\u2019est \u00e9conomique, un gain de temps, une facilit\u00e9 d\u2019organisation et surtout totalement s\u00e9curitaire.<\/p>\n<p><!-- \/wp:paragraph --><\/p>\n<\/blockquote>\n<p><!-- \/wp:quote --><!-- wp:quote --><\/p>\n<blockquote class=\"wp-block-quote\">\n<p><!-- wp:paragraph --><\/p>\n<p><img decoding=\"async\" class=\"emoji\" role=\"img\" draggable=\"false\" src=\"https:\/\/s.w.org\/images\/core\/emoji\/17.0.2\/svg\/1f4e9.svg\" alt=\"\ud83d\udce9\" \/> <strong>Contactez nous d\u00e8s maintenant<\/strong> pour une d\u00e9monstration ou un devis personnalis\u00e9.\u00a0<\/p>\n<p><!-- \/wp:paragraph --><!-- wp:paragraph --><\/p>\n<p><!-- \/wp:paragraph --><!-- wp:paragraph --><\/p>\n<p><!-- \/wp:paragraph --><!-- wp:paragraph --><\/p>\n<p><!-- \/wp:paragraph --><\/p>\n<\/blockquote>\n<p><!-- \/wp:quote --><!-- wp:image {\"id\":16,\"sizeSlug\":\"full\",\"linkDestination\":\"none\"} --><\/p>\n<figure class=\"wp-block-image size-full\"><img fetchpriority=\"high\" decoding=\"async\" width=\"450\" height=\"223\" class=\"wp-image-16\" src=\"https:\/\/www.ttsv68.fr\/wp-content\/uploads\/2025\/03\/Sans-titre.png\" alt=\"\" srcset=\"https:\/\/www.ttsv68.fr\/wp-content\/uploads\/2025\/03\/Sans-titre.png 450w, https:\/\/www.ttsv68.fr\/wp-content\/uploads\/2025\/03\/Sans-titre-300x149.png 300w\" sizes=\"(max-width: 450px) 100vw, 450px\" \/><\/figure>\n<p><!-- \/wp:image --><\/p>\t\t\t\t\t\t\t\t<\/div>\n\t\t\t\t<\/div>\n\t\t\t\t<\/div>\n\t\t<div class=\"elementor-element elementor-element-d107961 e-grid e-con-full e-con e-parent\" data-id=\"d107961\" data-element_type=\"container\">\n\t\t\t\t<div class=\"elementor-element elementor-element-450c064 elementor-widget elementor-widget-image\" data-id=\"450c064\" data-element_type=\"widget\" data-widget_type=\"image.default\">\n\t\t\t\t<div class=\"elementor-widget-container\">\n\t\t\t\t\t\t\t\t\t\t\t\t\t\t\t<img decoding=\"async\" width=\"660\" height=\"590\" src=\"https:\/\/www.ttsv68.fr\/wp-content\/uploads\/2026\/03\/IMG_20260317_161437.jpg\" class=\"attachment-large size-large wp-image-224\" alt=\"\" srcset=\"https:\/\/www.ttsv68.fr\/wp-content\/uploads\/2026\/03\/IMG_20260317_161437.jpg 885w, https:\/\/www.ttsv68.fr\/wp-content\/uploads\/2026\/03\/IMG_20260317_161437-300x268.jpg 300w, https:\/\/www.ttsv68.fr\/wp-content\/uploads\/2026\/03\/IMG_20260317_161437-768x686.jpg 768w, https:\/\/www.ttsv68.fr\/wp-content\/uploads\/2026\/03\/IMG_20260317_161437-350x313.jpg 350w\" sizes=\"(max-width: 660px) 100vw, 660px\" \/>\t\t\t\t\t\t\t\t\t\t\t\t\t\t\t<\/div>\n\t\t\t\t<\/div>\n\t\t\t\t<div class=\"elementor-element elementor-element-72bff67 elementor-widget elementor-widget-image\" data-id=\"72bff67\" data-element_type=\"widget\" data-widget_type=\"image.default\">\n\t\t\t\t<div class=\"elementor-widget-container\">\n\t\t\t\t\t\t\t\t\t\t\t\t\t\t\t<img decoding=\"async\" width=\"660\" height=\"787\" src=\"https:\/\/www.ttsv68.fr\/wp-content\/uploads\/2026\/03\/IMG_20260317_161410-859x1024.jpg\" class=\"attachment-large size-large wp-image-223\" alt=\"\" srcset=\"https:\/\/www.ttsv68.fr\/wp-content\/uploads\/2026\/03\/IMG_20260317_161410-859x1024.jpg 859w, https:\/\/www.ttsv68.fr\/wp-content\/uploads\/2026\/03\/IMG_20260317_161410-252x300.jpg 252w, https:\/\/www.ttsv68.fr\/wp-content\/uploads\/2026\/03\/IMG_20260317_161410-768x916.jpg 768w, https:\/\/www.ttsv68.fr\/wp-content\/uploads\/2026\/03\/IMG_20260317_161410-350x417.jpg 350w, https:\/\/www.ttsv68.fr\/wp-content\/uploads\/2026\/03\/IMG_20260317_161410.jpg 1023w\" sizes=\"(max-width: 660px) 100vw, 660px\" \/>\t\t\t\t\t\t\t\t\t\t\t\t\t\t\t<\/div>\n\t\t\t\t<\/div>\n\t\t\t\t<\/div>\n\t\t\t\t<\/div>\n\t\t","protected":false},"excerpt":{"rendered":"<p>L\u2019entreprise \u00ab\u00a0Technique de Tir en Situation Virtuelle\u00a0\u00bb propose une exp\u00e9rience innovante pour le monde cynotechnique et le tir professionnel \u00e0 travers l\u2019utilisation de simulateur laser renfor\u00e7ant l\u2019entrainement en totale s\u00e9curit\u00e9 tout en permettant une pratique immersive. Le tir et le maniement des armes sont des comp\u00e9tences compl\u00e9mentaires pour les bin\u00f4mes cyno. C\u2019est pourquoi le simulateur &hellip; <a href=\"https:\/\/www.ttsv68.fr\/index.php\/page-d-exemple\/\" class=\"more-link\">Continuer la lecture de <span class=\"screen-reader-text\">Equipes Cynophiles<\/span><\/a><\/p>\n","protected":false},"author":1,"featured_media":0,"parent":0,"menu_order":0,"comment_status":"closed","ping_status":"open","template":"","meta":{"footnotes":""},"class_list":["post-2","page","type-page","status-publish","hentry"],"jetpack_sharing_enabled":true,"_links":{"self":[{"href":"https:\/\/www.ttsv68.fr\/index.php\/wp-json\/wp\/v2\/pages\/2","targetHints":{"allow":["GET"]}}],"collection":[{"href":"https:\/\/www.ttsv68.fr\/index.php\/wp-json\/wp\/v2\/pages"}],"about":[{"href":"https:\/\/www.ttsv68.fr\/index.php\/wp-json\/wp\/v2\/types\/page"}],"author":[{"embeddable":true,"href":"https:\/\/www.ttsv68.fr\/index.php\/wp-json\/wp\/v2\/users\/1"}],"replies":[{"embeddable":true,"href":"https:\/\/www.ttsv68.fr\/index.php\/wp-json\/wp\/v2\/comments?post=2"}],"version-history":[{"count":7,"href":"https:\/\/www.ttsv68.fr\/index.php\/wp-json\/wp\/v2\/pages\/2\/revisions"}],"predecessor-version":[{"id":230,"href":"https:\/\/www.ttsv68.fr\/index.php\/wp-json\/wp\/v2\/pages\/2\/revisions\/230"}],"wp:attachment":[{"href":"https:\/\/www.ttsv68.fr\/index.php\/wp-json\/wp\/v2\/media?parent=2"}],"curies":[{"name":"wp","href":"https:\/\/api.w.org\/{rel}","templated":true}]}}