{"id":22,"date":"2025-03-16T08:17:16","date_gmt":"2025-03-16T07:17:16","guid":{"rendered":"https:\/\/www.ttsv68.fr\/?page_id=22"},"modified":"2026-03-22T17:15:35","modified_gmt":"2026-03-22T16:15:35","slug":"ttsv68-fr","status":"publish","type":"page","link":"https:\/\/www.ttsv68.fr\/","title":{"rendered":""},"content":{"rendered":"\t\t<div data-elementor-type=\"wp-page\" data-elementor-id=\"22\" class=\"elementor elementor-22\">\n\t\t\t\t<div class=\"elementor-element elementor-element-1de2f5b0 e-con-full e-flex e-con e-parent\" data-id=\"1de2f5b0\" data-element_type=\"container\">\n\t\t\t\t<div class=\"elementor-element elementor-element-3f5a4052 elementor-widget__width-initial elementor-widget elementor-widget-text-editor\" data-id=\"3f5a4052\" data-element_type=\"widget\" data-widget_type=\"text-editor.default\">\n\t\t\t\t<div class=\"elementor-widget-container\">\n\t\t\t\t\t\t\t\t\t<div class=\"wp-block-cover\">\n<div class=\"wp-block-cover__inner-container\"><span style=\"font-size: 19px; color: #7a7a7a;\">* Technique de Tir en Situation Virtuelle *\u00a0\u00a0<\/span><span style=\"color: #7a7a7a; font-size: 19px;\">vous propose des solutions ludiques innovantes adapt\u00e9es pour les particuliers comme pour les professionnels.<\/span><\/div>\n<\/div>\n<p><!-- \/wp:paragraph --><!-- wp:paragraph --><\/p>\n<div>\u00a0Le but avec le simulateur est de rendre l&rsquo;entra\u00eenement immersif , progressif et accessible \u00e0 tous et adapt\u00e9 au niveau de chacun.<\/div>\n<div>\u00a0Chaque s\u00e9ance devient un v\u00e9ritable moment d&rsquo;entra\u00eenement proche du r\u00e9el totalement s\u00e9curis\u00e9 et sans consommables.<\/div>\n<p><!-- \/wp:paragraph --><!-- wp:paragraph --><\/p>\n<div>\u00a0Le simulateur offre des solutions interactives\u00a0 formatrices et engageante , con\u00e7ue pour tous les publics\u00a0 qui souhaitent s&rsquo;entra\u00eener \u00e0 leur rythme. Une mani\u00e8re simple et efficace de progresser seul ou en groupe , selon vos objectifs, cela gr\u00e2ce aux situations vari\u00e9es et \u00e9volutives avec la r\u00e9p\u00e9tition illimit\u00e9 des exercices .<\/div>\n<div>Une analyse pr\u00e9cise du temps de r\u00e9action, de la coordination et la prise de d\u00e9cision\u00a0.<\/div>\n<div>Une s\u00e9ance personnalis\u00e9 \u00e0 chaque utilisateur : pr\u00e9cision, gestion du tir, encha\u00eenement de situations vari\u00e9es afin de d\u00e9velopper les comp\u00e9tences de mani\u00e8re progressive et en appliquant les fondamentaux des gestes de s\u00e9curit\u00e9 lors de l&rsquo;utilisation d&rsquo;une arme.\u00a0\u00a0<\/div>\n<p><!-- \/wp:paragraph --><!-- wp:paragraph --><\/p>\n<p>\u00a0<\/p>\n<p><!-- \/wp:paragraph --><!-- wp:paragraph --><\/p>\n<p>Tr\u00e8s facile de mise en \u0153uvre et totalement mobile, les s\u00e9ances peuvent s\u2019adapter \u00e0 vos locaux.<\/p>\n<p><!-- \/wp:paragraph --><!-- wp:paragraph --><\/p>\n<p><img decoding=\"async\" class=\"emoji\" role=\"img\" draggable=\"false\" src=\"https:\/\/s.w.org\/images\/core\/emoji\/17.0.2\/svg\/1f4e9.svg\" alt=\"\ud83d\udce9\" \/> <strong>Contactez-nous d\u00e8s maintenant<\/strong> pour tout renseignement et r\u00e9servation<\/p>\n<p><!-- \/wp:paragraph --><!-- wp:paragraph --><\/p>\n<p><strong>T\u00e9l\u00e9phone\u00a0:<\/strong> 06 49 51 15 70<\/p>\n<p><!-- \/wp:paragraph --><!-- wp:paragraph {\"align\":\"center\",\"fontSize\":\"large\"} --><\/p>\n<p class=\"has-text-align-center has-large-font-size\">1 Faubourg des Vosges 68920 Wintzenheim<\/p>\n<p><!-- \/wp:paragraph --><!-- wp:gallery {\"linkTo\":\"none\"} --><\/p>\n<figure class=\"wp-block-gallery has-nested-images columns-default is-cropped\"><!-- wp:image {\"id\":26,\"sizeSlug\":\"large\",\"linkDestination\":\"none\"} -->\n<p>\u00a0<\/p>\n<figure class=\"wp-block-image size-large\"><\/figure>\n<p><!-- \/wp:image --><!-- wp:image {\"id\":28,\"sizeSlug\":\"large\",\"linkDestination\":\"none\"} --><\/p>\n<figure class=\"wp-block-image size-large\"><\/figure>\n<p><!-- \/wp:image --><!-- wp:image {\"id\":27,\"sizeSlug\":\"large\",\"linkDestination\":\"none\"} --><\/p>\n<figure class=\"wp-block-image size-large\"><\/figure>\n<p><!-- \/wp:image --><\/p>\n<\/figure>\n<p><!-- \/wp:gallery --><\/p>\t\t\t\t\t\t\t\t<\/div>\n\t\t\t\t<\/div>\n\t\t\t\t<\/div>\n\t\t<div class=\"elementor-element elementor-element-280ffeb e-flex e-con-boxed e-con e-parent\" data-id=\"280ffeb\" data-element_type=\"container\">\n\t\t\t\t\t<div class=\"e-con-inner\">\n\t\t<div class=\"elementor-element elementor-element-e95eaab e-con-full e-flex e-con e-child\" data-id=\"e95eaab\" data-element_type=\"container\">\n\t\t\t\t<div class=\"elementor-element elementor-element-5aadc39 elementor-widget elementor-widget-image\" data-id=\"5aadc39\" data-element_type=\"widget\" data-widget_type=\"image.default\">\n\t\t\t\t<div class=\"elementor-widget-container\">\n\t\t\t\t\t\t\t\t\t\t\t\t\t\t\t<img fetchpriority=\"high\" decoding=\"async\" width=\"660\" height=\"991\" src=\"https:\/\/www.ttsv68.fr\/wp-content\/uploads\/2026\/03\/IMG_20260316_193030-682x1024.jpg\" class=\"attachment-large size-large wp-image-160\" alt=\"\" srcset=\"https:\/\/www.ttsv68.fr\/wp-content\/uploads\/2026\/03\/IMG_20260316_193030-682x1024.jpg 682w, https:\/\/www.ttsv68.fr\/wp-content\/uploads\/2026\/03\/IMG_20260316_193030-200x300.jpg 200w, https:\/\/www.ttsv68.fr\/wp-content\/uploads\/2026\/03\/IMG_20260316_193030-350x525.jpg 350w, https:\/\/www.ttsv68.fr\/wp-content\/uploads\/2026\/03\/IMG_20260316_193030.jpg 757w\" sizes=\"(max-width: 660px) 100vw, 660px\" \/>\t\t\t\t\t\t\t\t\t\t\t\t\t\t\t<\/div>\n\t\t\t\t<\/div>\n\t\t\t\t<\/div>\n\t\t<div class=\"elementor-element elementor-element-d9e7bd6 e-con-full e-flex e-con e-child\" data-id=\"d9e7bd6\" data-element_type=\"container\">\n\t\t\t\t<div class=\"elementor-element elementor-element-82423a9 elementor-widget__width-initial elementor-widget elementor-widget-image\" data-id=\"82423a9\" data-element_type=\"widget\" data-widget_type=\"image.default\">\n\t\t\t\t<div class=\"elementor-widget-container\">\n\t\t\t\t\t\t\t\t\t\t\t\t\t\t\t<img decoding=\"async\" width=\"660\" height=\"970\" src=\"https:\/\/www.ttsv68.fr\/wp-content\/uploads\/2026\/03\/IMG_20260316_193157-697x1024.jpg\" class=\"attachment-large size-large wp-image-161\" alt=\"\" srcset=\"https:\/\/www.ttsv68.fr\/wp-content\/uploads\/2026\/03\/IMG_20260316_193157-697x1024.jpg 697w, https:\/\/www.ttsv68.fr\/wp-content\/uploads\/2026\/03\/IMG_20260316_193157-204x300.jpg 204w, https:\/\/www.ttsv68.fr\/wp-content\/uploads\/2026\/03\/IMG_20260316_193157-350x514.jpg 350w, https:\/\/www.ttsv68.fr\/wp-content\/uploads\/2026\/03\/IMG_20260316_193157.jpg 755w\" sizes=\"(max-width: 660px) 100vw, 660px\" \/>\t\t\t\t\t\t\t\t\t\t\t\t\t\t\t<\/div>\n\t\t\t\t<\/div>\n\t\t\t\t<\/div>\n\t\t\t\t\t<\/div>\n\t\t\t\t<\/div>\n\t\t<div class=\"elementor-element elementor-element-95e83c5 e-grid e-con-boxed e-con e-parent\" data-id=\"95e83c5\" data-element_type=\"container\">\n\t\t\t\t\t<div class=\"e-con-inner\">\n\t\t\t\t<div class=\"elementor-element elementor-element-67e82e2 elementor-widget elementor-widget-image\" data-id=\"67e82e2\" data-element_type=\"widget\" data-widget_type=\"image.default\">\n\t\t\t\t<div class=\"elementor-widget-container\">\n\t\t\t\t\t\t\t\t\t\t\t\t\t\t\t<img decoding=\"async\" width=\"455\" height=\"499\" src=\"https:\/\/www.ttsv68.fr\/wp-content\/uploads\/2025\/03\/2.jpg\" class=\"attachment-large size-large wp-image-28\" alt=\"\" srcset=\"https:\/\/www.ttsv68.fr\/wp-content\/uploads\/2025\/03\/2.jpg 455w, https:\/\/www.ttsv68.fr\/wp-content\/uploads\/2025\/03\/2-274x300.jpg 274w\" sizes=\"(max-width: 455px) 100vw, 455px\" \/>\t\t\t\t\t\t\t\t\t\t\t\t\t\t\t<\/div>\n\t\t\t\t<\/div>\n\t\t\t\t<div class=\"elementor-element elementor-element-451a81d elementor-widget elementor-widget-image\" data-id=\"451a81d\" data-element_type=\"widget\" data-widget_type=\"image.default\">\n\t\t\t\t<div class=\"elementor-widget-container\">\n\t\t\t\t\t\t\t\t\t\t\t\t\t\t\t<img loading=\"lazy\" decoding=\"async\" width=\"660\" height=\"829\" src=\"https:\/\/www.ttsv68.fr\/wp-content\/uploads\/2026\/03\/IMG_20260317_151421-815x1024.jpg\" class=\"attachment-large size-large wp-image-183\" alt=\"\" srcset=\"https:\/\/www.ttsv68.fr\/wp-content\/uploads\/2026\/03\/IMG_20260317_151421-815x1024.jpg 815w, https:\/\/www.ttsv68.fr\/wp-content\/uploads\/2026\/03\/IMG_20260317_151421-239x300.jpg 239w, https:\/\/www.ttsv68.fr\/wp-content\/uploads\/2026\/03\/IMG_20260317_151421-768x964.jpg 768w, https:\/\/www.ttsv68.fr\/wp-content\/uploads\/2026\/03\/IMG_20260317_151421-350x440.jpg 350w, https:\/\/www.ttsv68.fr\/wp-content\/uploads\/2026\/03\/IMG_20260317_151421.jpg 1220w\" sizes=\"(max-width: 660px) 100vw, 660px\" \/>\t\t\t\t\t\t\t\t\t\t\t\t\t\t\t<\/div>\n\t\t\t\t<\/div>\n\t\t\t\t<div class=\"elementor-element elementor-element-e10fd98 elementor-widget elementor-widget-image\" data-id=\"e10fd98\" data-element_type=\"widget\" data-widget_type=\"image.default\">\n\t\t\t\t<div class=\"elementor-widget-container\">\n\t\t\t\t\t\t\t\t\t\t\t\t\t\t\t<img loading=\"lazy\" decoding=\"async\" width=\"660\" height=\"707\" src=\"https:\/\/www.ttsv68.fr\/wp-content\/uploads\/2025\/03\/1-956x1024.jpg\" class=\"attachment-large size-large wp-image-26\" alt=\"\" srcset=\"https:\/\/www.ttsv68.fr\/wp-content\/uploads\/2025\/03\/1-956x1024.jpg 956w, https:\/\/www.ttsv68.fr\/wp-content\/uploads\/2025\/03\/1-280x300.jpg 280w, https:\/\/www.ttsv68.fr\/wp-content\/uploads\/2025\/03\/1-768x823.jpg 768w, https:\/\/www.ttsv68.fr\/wp-content\/uploads\/2025\/03\/1.jpg 996w\" sizes=\"(max-width: 660px) 100vw, 660px\" \/>\t\t\t\t\t\t\t\t\t\t\t\t\t\t\t<\/div>\n\t\t\t\t<\/div>\n\t\t\t\t<div class=\"elementor-element elementor-element-c197af2 elementor-widget elementor-widget-image\" data-id=\"c197af2\" data-element_type=\"widget\" data-widget_type=\"image.default\">\n\t\t\t\t<div class=\"elementor-widget-container\">\n\t\t\t\t\t\t\t\t\t\t\t\t\t\t\t<img loading=\"lazy\" decoding=\"async\" width=\"660\" height=\"487\" src=\"https:\/\/www.ttsv68.fr\/wp-content\/uploads\/2026\/03\/IMG_20260125_214643-1024x756.jpg\" class=\"attachment-large size-large wp-image-162\" alt=\"\" srcset=\"https:\/\/www.ttsv68.fr\/wp-content\/uploads\/2026\/03\/IMG_20260125_214643-1024x756.jpg 1024w, https:\/\/www.ttsv68.fr\/wp-content\/uploads\/2026\/03\/IMG_20260125_214643-300x221.jpg 300w, https:\/\/www.ttsv68.fr\/wp-content\/uploads\/2026\/03\/IMG_20260125_214643-768x567.jpg 768w, https:\/\/www.ttsv68.fr\/wp-content\/uploads\/2026\/03\/IMG_20260125_214643-1536x1134.jpg 1536w, https:\/\/www.ttsv68.fr\/wp-content\/uploads\/2026\/03\/IMG_20260125_214643-350x258.jpg 350w, https:\/\/www.ttsv68.fr\/wp-content\/uploads\/2026\/03\/IMG_20260125_214643.jpg 1653w\" sizes=\"(max-width: 660px) 100vw, 660px\" \/>\t\t\t\t\t\t\t\t\t\t\t\t\t\t\t<\/div>\n\t\t\t\t<\/div>\n\t\t\t\t<div class=\"elementor-element elementor-element-bdbeb25 elementor-widget elementor-widget-image\" data-id=\"bdbeb25\" data-element_type=\"widget\" data-widget_type=\"image.default\">\n\t\t\t\t<div class=\"elementor-widget-container\">\n\t\t\t\t\t\t\t\t\t\t\t\t\t\t\t<img loading=\"lazy\" decoding=\"async\" width=\"660\" height=\"665\" src=\"https:\/\/www.ttsv68.fr\/wp-content\/uploads\/2026\/03\/IMG_20260212_131203-1017x1024.jpg\" class=\"attachment-large size-large wp-image-164\" alt=\"\" srcset=\"https:\/\/www.ttsv68.fr\/wp-content\/uploads\/2026\/03\/IMG_20260212_131203-1017x1024.jpg 1017w, https:\/\/www.ttsv68.fr\/wp-content\/uploads\/2026\/03\/IMG_20260212_131203-298x300.jpg 298w, https:\/\/www.ttsv68.fr\/wp-content\/uploads\/2026\/03\/IMG_20260212_131203-150x150.jpg 150w, https:\/\/www.ttsv68.fr\/wp-content\/uploads\/2026\/03\/IMG_20260212_131203-768x773.jpg 768w, https:\/\/www.ttsv68.fr\/wp-content\/uploads\/2026\/03\/IMG_20260212_131203-350x352.jpg 350w, https:\/\/www.ttsv68.fr\/wp-content\/uploads\/2026\/03\/IMG_20260212_131203-100x100.jpg 100w, https:\/\/www.ttsv68.fr\/wp-content\/uploads\/2026\/03\/IMG_20260212_131203.jpg 1144w\" sizes=\"(max-width: 660px) 100vw, 660px\" \/>\t\t\t\t\t\t\t\t\t\t\t\t\t\t\t<\/div>\n\t\t\t\t<\/div>\n\t\t\t\t<div class=\"elementor-element elementor-element-2a65b84 elementor-widget elementor-widget-image\" data-id=\"2a65b84\" data-element_type=\"widget\" data-widget_type=\"image.default\">\n\t\t\t\t<div class=\"elementor-widget-container\">\n\t\t\t\t\t\t\t\t\t\t\t\t\t\t\t<img loading=\"lazy\" decoding=\"async\" width=\"660\" height=\"499\" src=\"https:\/\/www.ttsv68.fr\/wp-content\/uploads\/2026\/03\/IMG_20260213_115033-1024x774.jpg\" class=\"attachment-large size-large wp-image-165\" alt=\"\" srcset=\"https:\/\/www.ttsv68.fr\/wp-content\/uploads\/2026\/03\/IMG_20260213_115033-1024x774.jpg 1024w, https:\/\/www.ttsv68.fr\/wp-content\/uploads\/2026\/03\/IMG_20260213_115033-300x227.jpg 300w, https:\/\/www.ttsv68.fr\/wp-content\/uploads\/2026\/03\/IMG_20260213_115033-768x580.jpg 768w, https:\/\/www.ttsv68.fr\/wp-content\/uploads\/2026\/03\/IMG_20260213_115033-350x264.jpg 350w, https:\/\/www.ttsv68.fr\/wp-content\/uploads\/2026\/03\/IMG_20260213_115033.jpg 1121w\" sizes=\"(max-width: 660px) 100vw, 660px\" \/>\t\t\t\t\t\t\t\t\t\t\t\t\t\t\t<\/div>\n\t\t\t\t<\/div>\n\t\t\t\t\t<\/div>\n\t\t\t\t<\/div>\n\t\t\t\t<\/div>\n\t\t","protected":false},"excerpt":{"rendered":"<p>* Technique de Tir en Situation Virtuelle *\u00a0\u00a0vous propose des solutions ludiques innovantes adapt\u00e9es pour les particuliers comme pour les professionnels. \u00a0Le but avec le simulateur est de rendre l&rsquo;entra\u00eenement immersif , progressif et accessible \u00e0 tous et adapt\u00e9 au niveau de chacun. \u00a0Chaque s\u00e9ance devient un v\u00e9ritable moment d&rsquo;entra\u00eenement proche du r\u00e9el totalement s\u00e9curis\u00e9 &hellip; <a href=\"https:\/\/www.ttsv68.fr\/\" class=\"more-link\">Continuer la lecture de <span class=\"screen-reader-text\"><\/span><\/a><\/p>\n","protected":false},"author":1,"featured_media":0,"parent":0,"menu_order":0,"comment_status":"closed","ping_status":"closed","template":"","meta":{"footnotes":""},"class_list":["post-22","page","type-page","status-publish","hentry"],"jetpack_sharing_enabled":true,"_links":{"self":[{"href":"https:\/\/www.ttsv68.fr\/index.php\/wp-json\/wp\/v2\/pages\/22","targetHints":{"allow":["GET"]}}],"collection":[{"href":"https:\/\/www.ttsv68.fr\/index.php\/wp-json\/wp\/v2\/pages"}],"about":[{"href":"https:\/\/www.ttsv68.fr\/index.php\/wp-json\/wp\/v2\/types\/page"}],"author":[{"embeddable":true,"href":"https:\/\/www.ttsv68.fr\/index.php\/wp-json\/wp\/v2\/users\/1"}],"replies":[{"embeddable":true,"href":"https:\/\/www.ttsv68.fr\/index.php\/wp-json\/wp\/v2\/comments?post=22"}],"version-history":[{"count":62,"href":"https:\/\/www.ttsv68.fr\/index.php\/wp-json\/wp\/v2\/pages\/22\/revisions"}],"predecessor-version":[{"id":295,"href":"https:\/\/www.ttsv68.fr\/index.php\/wp-json\/wp\/v2\/pages\/22\/revisions\/295"}],"wp:attachment":[{"href":"https:\/\/www.ttsv68.fr\/index.php\/wp-json\/wp\/v2\/media?parent=22"}],"curies":[{"name":"wp","href":"https:\/\/api.w.org\/{rel}","templated":true}]}}