{"id":46,"date":"2025-11-30T17:51:37","date_gmt":"2025-11-30T16:51:37","guid":{"rendered":"https:\/\/www.ttsv68.fr\/?page_id=46"},"modified":"2026-03-23T18:23:07","modified_gmt":"2026-03-23T17:23:07","slug":"infos-pratiques","status":"publish","type":"page","link":"https:\/\/www.ttsv68.fr\/index.php\/infos-pratiques\/","title":{"rendered":"Infos pratiques"},"content":{"rendered":"\t\t<div data-elementor-type=\"wp-page\" data-elementor-id=\"46\" class=\"elementor elementor-46\">\n\t\t\t\t<div class=\"elementor-element elementor-element-3a728c65 e-flex e-con-boxed e-con e-parent\" data-id=\"3a728c65\" data-element_type=\"container\">\n\t\t\t\t\t<div class=\"e-con-inner\">\n\t\t\t\t<div class=\"elementor-element elementor-element-542b1d9 elementor-widget elementor-widget-text-editor\" data-id=\"542b1d9\" data-element_type=\"widget\" data-widget_type=\"text-editor.default\">\n\t\t\t\t<div class=\"elementor-widget-container\">\n\t\t\t\t\t\t\t\t\t\n<p>Pas besoin d&rsquo;\u00eatre un tireur sportif ou \u00eatre un professionnel arm\u00e9.<\/p>\n\n<p>\u00a0Ce syst\u00e8me permet la d\u00e9couverte ainsi que le maniement d&rsquo;une arme de tir (r\u00e9plique) en toute s\u00e9curit\u00e9 et avec une pratique ludique et amusante.<\/p>\n\n<p>\u00a0Mais vous pouvez \u00e9galement d\u00e9couvrir le tir sous une forme plus \u00ab\u00a0tactique\u00a0\u00bb mais toujours en mettant en avant la ma\u00eetrise de l&rsquo;arme et la s\u00e9curit\u00e9.<\/p>\n<p>\u00a0L&rsquo;utilisation de cibles r\u00e9actives\u00a0 permet \u00e9galement d&rsquo;\u00e9voluer avec divers sc\u00e9narios dynamiques.<\/p>\n\n<p>Des petits groupes de 4 \u00e0 5 personnes sont id\u00e9als pour profiter pleinement d&rsquo;une demi journ\u00e9e. Info et devis pour groupe par email.<\/p>\n\n<p>\u00a0Cela ne remplace pas une r\u00e9elle s\u00e9ance de tir mais reste compl\u00e9mentaire au niveau position de tir , discernement et un maniement en s\u00e9curit\u00e9.<\/p>\n<p>Le type d&rsquo;arme utilis\u00e9e sont Glock 17 , Glock 19 , Sig 320 ,Beretta 92F ainsi qu&rsquo;un HK 416 et un FAP\u00a0<\/p>\n\n<p>VENEZ TESTER UN MOYEN D\u2019ENTRA\u00ceNEMENT FACILE ET ACCESSIBLE A TOUS<\/p>\n\n<p>\u00a0<\/p>\n\t\t\t\t\t\t\t\t<\/div>\n\t\t\t\t<\/div>\n\t\t\t\t\t<\/div>\n\t\t\t\t<\/div>\n\t\t<div class=\"elementor-element elementor-element-5111874 e-grid e-con-boxed e-con e-parent\" data-id=\"5111874\" data-element_type=\"container\">\n\t\t\t\t\t<div class=\"e-con-inner\">\n\t\t\t\t<div class=\"elementor-element elementor-element-7dd68aa elementor-widget elementor-widget-image\" data-id=\"7dd68aa\" data-element_type=\"widget\" data-widget_type=\"image.default\">\n\t\t\t\t<div class=\"elementor-widget-container\">\n\t\t\t\t\t\t\t\t\t\t\t\t\t\t\t<img fetchpriority=\"high\" decoding=\"async\" width=\"660\" height=\"636\" src=\"https:\/\/www.ttsv68.fr\/wp-content\/uploads\/2026\/03\/IMG_20250220_020900-1024x987.jpg\" class=\"attachment-large size-large wp-image-195\" alt=\"\" srcset=\"https:\/\/www.ttsv68.fr\/wp-content\/uploads\/2026\/03\/IMG_20250220_020900-1024x987.jpg 1024w, https:\/\/www.ttsv68.fr\/wp-content\/uploads\/2026\/03\/IMG_20250220_020900-300x289.jpg 300w, https:\/\/www.ttsv68.fr\/wp-content\/uploads\/2026\/03\/IMG_20250220_020900-768x740.jpg 768w, https:\/\/www.ttsv68.fr\/wp-content\/uploads\/2026\/03\/IMG_20250220_020900-350x337.jpg 350w, https:\/\/www.ttsv68.fr\/wp-content\/uploads\/2026\/03\/IMG_20250220_020900.jpg 1220w\" sizes=\"(max-width: 660px) 100vw, 660px\" \/>\t\t\t\t\t\t\t\t\t\t\t\t\t\t\t<\/div>\n\t\t\t\t<\/div>\n\t\t\t\t<div class=\"elementor-element elementor-element-ced3357 elementor-widget elementor-widget-image\" data-id=\"ced3357\" data-element_type=\"widget\" data-widget_type=\"image.default\">\n\t\t\t\t<div class=\"elementor-widget-container\">\n\t\t\t\t\t\t\t\t\t\t\t\t\t\t\t<img decoding=\"async\" width=\"660\" height=\"313\" src=\"https:\/\/www.ttsv68.fr\/wp-content\/uploads\/2026\/03\/IMG_20260317_154659-1024x486.jpg\" class=\"attachment-large size-large wp-image-198\" alt=\"\" srcset=\"https:\/\/www.ttsv68.fr\/wp-content\/uploads\/2026\/03\/IMG_20260317_154659-1024x486.jpg 1024w, https:\/\/www.ttsv68.fr\/wp-content\/uploads\/2026\/03\/IMG_20260317_154659-300x142.jpg 300w, https:\/\/www.ttsv68.fr\/wp-content\/uploads\/2026\/03\/IMG_20260317_154659-768x365.jpg 768w, https:\/\/www.ttsv68.fr\/wp-content\/uploads\/2026\/03\/IMG_20260317_154659-1536x729.jpg 1536w, https:\/\/www.ttsv68.fr\/wp-content\/uploads\/2026\/03\/IMG_20260317_154659-2048x972.jpg 2048w, https:\/\/www.ttsv68.fr\/wp-content\/uploads\/2026\/03\/IMG_20260317_154659-350x166.jpg 350w\" sizes=\"(max-width: 660px) 100vw, 660px\" \/>\t\t\t\t\t\t\t\t\t\t\t\t\t\t\t<\/div>\n\t\t\t\t<\/div>\n\t\t\t\t\t<\/div>\n\t\t\t\t<\/div>\n\t\t\t\t<\/div>\n\t\t","protected":false},"excerpt":{"rendered":"<p>Pas besoin d&rsquo;\u00eatre un tireur sportif ou \u00eatre un professionnel arm\u00e9. \u00a0Ce syst\u00e8me permet la d\u00e9couverte ainsi que le maniement d&rsquo;une arme de tir (r\u00e9plique) en toute s\u00e9curit\u00e9 et avec une pratique ludique et amusante. \u00a0Mais vous pouvez \u00e9galement d\u00e9couvrir le tir sous une forme plus \u00ab\u00a0tactique\u00a0\u00bb mais toujours en mettant en avant la ma\u00eetrise &hellip; <a href=\"https:\/\/www.ttsv68.fr\/index.php\/infos-pratiques\/\" class=\"more-link\">Continuer la lecture de <span class=\"screen-reader-text\">Infos pratiques<\/span><\/a><\/p>\n","protected":false},"author":2,"featured_media":0,"parent":0,"menu_order":0,"comment_status":"closed","ping_status":"closed","template":"","meta":{"footnotes":""},"class_list":["post-46","page","type-page","status-publish","hentry"],"jetpack_sharing_enabled":true,"_links":{"self":[{"href":"https:\/\/www.ttsv68.fr\/index.php\/wp-json\/wp\/v2\/pages\/46","targetHints":{"allow":["GET"]}}],"collection":[{"href":"https:\/\/www.ttsv68.fr\/index.php\/wp-json\/wp\/v2\/pages"}],"about":[{"href":"https:\/\/www.ttsv68.fr\/index.php\/wp-json\/wp\/v2\/types\/page"}],"author":[{"embeddable":true,"href":"https:\/\/www.ttsv68.fr\/index.php\/wp-json\/wp\/v2\/users\/2"}],"replies":[{"embeddable":true,"href":"https:\/\/www.ttsv68.fr\/index.php\/wp-json\/wp\/v2\/comments?post=46"}],"version-history":[{"count":21,"href":"https:\/\/www.ttsv68.fr\/index.php\/wp-json\/wp\/v2\/pages\/46\/revisions"}],"predecessor-version":[{"id":301,"href":"https:\/\/www.ttsv68.fr\/index.php\/wp-json\/wp\/v2\/pages\/46\/revisions\/301"}],"wp:attachment":[{"href":"https:\/\/www.ttsv68.fr\/index.php\/wp-json\/wp\/v2\/media?parent=46"}],"curies":[{"name":"wp","href":"https:\/\/api.w.org\/{rel}","templated":true}]}}